{"id":497,"date":"2022-05-09T08:44:55","date_gmt":"2022-05-09T06:44:55","guid":{"rendered":"http:\/\/kieninger.com\/?page_id=497"},"modified":"2023-01-18T13:35:29","modified_gmt":"2023-01-18T12:35:29","slug":"geschichte","status":"publish","type":"page","link":"https:\/\/www.kieninger.com\/en\/geschichte\/","title":{"rendered":"History"},"content":{"rendered":"<div data-elementor-type=\"wp-page\" data-elementor-id=\"497\" class=\"elementor elementor-497\" data-elementor-post-type=\"page\">\n\t\t\t\t\t\t\t\t\t<section class=\"elementor-section elementor-top-section elementor-element elementor-element-e6d6fbf elementor-section-height-full elementor-section-boxed elementor-section-height-default elementor-section-items-middle\" data-id=\"e6d6fbf\" data-element_type=\"section\" id=\"justsection\" data-settings=\"{&quot;background_background&quot;:&quot;classic&quot;}\">\n\t\t\t\t\t\t\t<div class=\"elementor-background-overlay\"><\/div>\n\t\t\t\t\t\t\t<div class=\"elementor-container elementor-column-gap-default\">\n\t\t\t\t\t<div class=\"elementor-column elementor-col-100 elementor-top-column elementor-element elementor-element-9a55d70\" data-id=\"9a55d70\" data-element_type=\"column\">\n\t\t\t<div class=\"elementor-widget-wrap elementor-element-populated\">\n\t\t\t\t\t\t\t\t<div class=\"elementor-element elementor-element-0179407 elementor-widget elementor-widget-heading\" data-id=\"0179407\" data-element_type=\"widget\" data-widget_type=\"heading.default\">\n\t\t\t\t<div class=\"elementor-widget-container\">\n\t\t\t<h2 class=\"elementor-heading-title elementor-size-default\">110 years of masterpieces<br>\nGerman watchmaking art<\/h2>\t\t<\/div>\n\t\t\t\t<\/div>\n\t\t\t\t<div class=\"elementor-element elementor-element-1c2e8c7 elementor-widget-divider--view-line elementor-widget elementor-widget-divider\" data-id=\"1c2e8c7\" data-element_type=\"widget\" data-widget_type=\"divider.default\">\n\t\t\t\t<div class=\"elementor-widget-container\">\n\t\t\t\t\t<div class=\"elementor-divider\">\n\t\t\t<span class=\"elementor-divider-separator\">\n\t\t\t\t\t\t<\/span>\n\t\t<\/div>\n\t\t\t\t<\/div>\n\t\t\t\t<\/div>\n\t\t\t\t<div class=\"elementor-element elementor-element-6785088 elementor-widget elementor-widget-text-editor\" data-id=\"6785088\" data-element_type=\"widget\" data-widget_type=\"text-editor.default\">\n\t\t\t\t<div class=\"elementor-widget-container\">\n\t\t\t\t\t\t\t<p>History<\/p>\t\t\t\t\t\t<\/div>\n\t\t\t\t<\/div>\n\t\t\t\t<div class=\"elementor-element elementor-element-5c75a19 elementor-widget elementor-widget-text-editor\" data-id=\"5c75a19\" data-element_type=\"widget\" data-widget_type=\"text-editor.default\">\n\t\t\t\t<div class=\"elementor-widget-container\">\n\t\t\t\t\t\t\t<p>In 2012, the Kieninger clock factory celebrated its 100th anniversary. Kieninger was founded in 1912 by Joseph Kieninger (1872-1936) in the Black Forest and is thus the oldest existing manufacturer of mechanical movements for grandfather, wall and table clocks in the world.<\/p>\t\t\t\t\t\t<\/div>\n\t\t\t\t<\/div>\n\t\t\t\t<div class=\"elementor-element elementor-element-b22e9ae elementor-view-default elementor-widget elementor-widget-icon\" data-id=\"b22e9ae\" data-element_type=\"widget\" data-widget_type=\"icon.default\">\n\t\t\t\t<div class=\"elementor-widget-container\">\n\t\t\t\t\t<div class=\"elementor-icon-wrapper\">\n\t\t\t<a class=\"elementor-icon\" href=\"#exzellenz\">\n\t\t\t<svg xmlns=\"http:\/\/www.w3.org\/2000\/svg\" xmlns:xlink=\"http:\/\/www.w3.org\/1999\/xlink\" id=\"Ebene_1\" x=\"0px\" y=\"0px\" viewbox=\"0 0 400 400\" style=\"enable-background:new 0 0 400 400;\" xml:space=\"preserve\"><g>\t<path d=\"M200,36.9c-89.9,0-163.1,73.2-163.1,163.1S110.1,363.1,200,363.1S363.1,289.9,363.1,200S289.9,36.9,200,36.9z M200,356.6  c-86.3,0-156.6-70.2-156.6-156.6S113.7,43.4,200,43.4S356.6,113.7,356.6,200S286.3,356.6,200,356.6z\"><\/path>\t<path d=\"M200,56.5c-79.1,0-143.5,64.4-143.5,143.5S120.9,343.5,200,343.5S343.5,279.1,343.5,200S279.1,56.5,200,56.5z M200,337  c-75.5,0-137-61.5-137-137S124.5,63,200,63c75.5,0,137,61.5,137,137S275.5,337,200,337z\"><\/path>\t<polygon points=\"203.3,241.2 203.3,143.4 196.7,143.4 196.7,241.2 172.9,209 167.7,212.9 200,256.6 232.3,212.9 227.1,209  \"><\/polygon><\/g><\/svg>\t\t\t<\/a>\n\t\t<\/div>\n\t\t\t\t<\/div>\n\t\t\t\t<\/div>\n\t\t\t\t\t<\/div>\n\t\t<\/div>\n\t\t\t\t\t\t\t<\/div>\n\t\t<\/section>\n\t\t\t\t<section class=\"elementor-section elementor-top-section elementor-element elementor-element-d0450f3 elementor-section-boxed elementor-section-height-default elementor-section-height-default\" data-id=\"d0450f3\" data-element_type=\"section\" data-settings=\"{&quot;background_background&quot;:&quot;classic&quot;}\">\n\t\t\t\t\t\t<div class=\"elementor-container elementor-column-gap-default\">\n\t\t\t\t\t<div class=\"elementor-column elementor-col-100 elementor-top-column elementor-element elementor-element-1a5508a\" data-id=\"1a5508a\" data-element_type=\"column\">\n\t\t\t<div class=\"elementor-widget-wrap elementor-element-populated\">\n\t\t\t\t\t\t\t\t<div class=\"elementor-element elementor-element-159166c elementor-widget elementor-widget-menu-anchor\" data-id=\"159166c\" data-element_type=\"widget\" data-widget_type=\"menu-anchor.default\">\n\t\t\t\t<div class=\"elementor-widget-container\">\n\t\t\t\t\t<div id=\"exzellenz\" class=\"elementor-menu-anchor\"><\/div>\n\t\t\t\t<\/div>\n\t\t\t\t<\/div>\n\t\t\t\t\t<\/div>\n\t\t<\/div>\n\t\t\t\t\t\t\t<\/div>\n\t\t<\/section>\n\t\t\t\t<section class=\"elementor-section elementor-top-section elementor-element elementor-element-982336e elementor-section-boxed elementor-section-height-default elementor-section-height-default\" data-id=\"982336e\" data-element_type=\"section\" data-settings=\"{&quot;background_background&quot;:&quot;classic&quot;}\">\n\t\t\t\t\t\t<div class=\"elementor-container elementor-column-gap-default\">\n\t\t\t\t\t<div class=\"elementor-column elementor-col-50 elementor-top-column elementor-element elementor-element-8e94dbc\" data-id=\"8e94dbc\" data-element_type=\"column\">\n\t\t\t<div class=\"elementor-widget-wrap elementor-element-populated\">\n\t\t\t\t\t\t\t\t<div class=\"elementor-element elementor-element-e4dae30 elementor-widget elementor-widget-text-editor\" data-id=\"e4dae30\" data-element_type=\"widget\" data-widget_type=\"text-editor.default\">\n\t\t\t\t<div class=\"elementor-widget-container\">\n\t\t\t\t\t\t\t<p>Unique clocks in connection with the craft traditions of the 20th century.<\/p>\t\t\t\t\t\t<\/div>\n\t\t\t\t<\/div>\n\t\t\t\t\t<\/div>\n\t\t<\/div>\n\t\t\t\t<div class=\"elementor-column elementor-col-50 elementor-top-column elementor-element elementor-element-36c7d06\" data-id=\"36c7d06\" data-element_type=\"column\">\n\t\t\t<div class=\"elementor-widget-wrap elementor-element-populated\">\n\t\t\t\t\t\t\t\t<div class=\"elementor-element elementor-element-db8707d elementor-widget elementor-widget-text-editor\" data-id=\"db8707d\" data-element_type=\"widget\" data-widget_type=\"text-editor.default\">\n\t\t\t\t<div class=\"elementor-widget-container\">\n\t\t\t\t\t\t\t<p>Since 1917, the company has been located in Aldingen, a charming community between the Black Forest and the Swabian Alb. Here, in a new building constructed in 1991, the company now employs around 50 dedicated and highly qualified specialists on 6,000 square metres.<\/p><p>From 1993, Kieninger belonged to the American Howard Miller Group, the<br \/>largest grandfather clock manufacturer in the world.<\/p><p>From the very beginning, Kieninger stuck to its original concept - the manufacture of technically sophisticated, high-quality mechanical movements and clocks.<\/p><p>This has proven to be a path to success. It can therefore come as no surprise that Kieninger is today renowned for its craftsmanship and for manufacturing products of the highest quality. Many Kieninger clocks are among the classics of the industry.<\/p><p>With our selected collection of special floor, wall and table clocks, we offer you unique clocks of the highest quality and individual design.<\/p><p>At the beginning of 2021, Kuma GmbH was founded by four new shareholders. With their experience in management, production and the watch industry, they will continue to produce Kieninger products together in the future.<\/p>\t\t\t\t\t\t<\/div>\n\t\t\t\t<\/div>\n\t\t\t\t\t<\/div>\n\t\t<\/div>\n\t\t\t\t\t\t\t<\/div>\n\t\t<\/section>\n\t\t\t\t<section class=\"elementor-section elementor-top-section elementor-element elementor-element-fd2a26d elementor-section-full_width elementor-section-height-default elementor-section-height-default\" data-id=\"fd2a26d\" data-element_type=\"section\" data-settings=\"{&quot;background_background&quot;:&quot;classic&quot;}\">\n\t\t\t\t\t\t<div class=\"elementor-container elementor-column-gap-default\">\n\t\t\t\t\t<div class=\"elementor-column elementor-col-100 elementor-top-column elementor-element elementor-element-59a231b elementor-invisible\" data-id=\"59a231b\" data-element_type=\"column\" data-settings=\"{&quot;animation&quot;:&quot;fadeInLeft&quot;}\">\n\t\t\t<div class=\"elementor-widget-wrap elementor-element-populated\">\n\t\t\t\t\t\t\t\t<div class=\"elementor-element elementor-element-7c6ac30 elementor-widget elementor-widget-gallery\" data-id=\"7c6ac30\" data-element_type=\"widget\" data-settings=\"{&quot;gallery_layout&quot;:&quot;masonry&quot;,&quot;columns&quot;:3,&quot;columns_mobile&quot;:2,&quot;gap&quot;:{&quot;unit&quot;:&quot;px&quot;,&quot;size&quot;:20,&quot;sizes&quot;:[]},&quot;lazyload&quot;:&quot;yes&quot;,&quot;columns_tablet&quot;:2,&quot;gap_tablet&quot;:{&quot;unit&quot;:&quot;px&quot;,&quot;size&quot;:10,&quot;sizes&quot;:[]},&quot;gap_mobile&quot;:{&quot;unit&quot;:&quot;px&quot;,&quot;size&quot;:10,&quot;sizes&quot;:[]},&quot;link_to&quot;:&quot;file&quot;,&quot;overlay_background&quot;:&quot;yes&quot;,&quot;content_hover_animation&quot;:&quot;fade-in&quot;}\" data-widget_type=\"gallery.default\">\n\t\t\t\t<div class=\"elementor-widget-container\">\n\t\t\t\t\t<div class=\"elementor-gallery__container\">\n\t\t\t\t\t\t\t<a class=\"e-gallery-item elementor-gallery-item elementor-animated-content\" href=\"https:\/\/www.kieninger.com\/wp-content\/uploads\/2022\/05\/Altbau-1971_\u6a92bild.jpg\" data-elementor-open-lightbox=\"yes\" data-elementor-lightbox-slideshow=\"7c6ac30\" data-elementor-lightbox-title=\"Altbau 1971_Bild\" data-e-action-hash=\"#elementor-action%3Aaction%3Dlightbox%26settings%3DeyJpZCI6OTE2LCJ1cmwiOiJodHRwczpcL1wvd3d3LmtpZW5pbmdlci5jb21cL3dwLWNvbnRlbnRcL3VwbG9hZHNcLzIwMjJcLzA1XC9BbHRiYXUtMTk3MV9cdTZhOTJiaWxkLmpwZyIsInNsaWRlc2hvdyI6IjdjNmFjMzAifQ%3D%3D\">\n\t\t\t\t\t<div class=\"e-gallery-image elementor-gallery-item__image\" data-thumbnail=\"https:\/\/www.kieninger.com\/wp-content\/uploads\/2022\/05\/Altbau-1971_\u6a92bild.jpg\" data-width=\"1200\" data-height=\"671\" aria-label=\"\" role=\"img\" ><\/div>\n\t\t\t\t\t\t\t\t\t\t\t<div class=\"elementor-gallery-item__overlay\"><\/div>\n\t\t\t\t\t\t\t\t\t\t\t\t\t\t<\/a>\n\t\t\t\t\t\t\t<a class=\"e-gallery-item elementor-gallery-item elementor-animated-content\" href=\"https:\/\/www.kieninger.com\/wp-content\/uploads\/2022\/05\/Fabrik-Saarstraa\u0301e-1927.jpg\" data-elementor-open-lightbox=\"yes\" data-elementor-lightbox-slideshow=\"7c6ac30\" data-elementor-lightbox-title=\"Fabrik Saarstra\u00dfe 1927\" data-e-action-hash=\"#elementor-action%3Aaction%3Dlightbox%26settings%3DeyJpZCI6OTE3LCJ1cmwiOiJodHRwczpcL1wvd3d3LmtpZW5pbmdlci5jb21cL3dwLWNvbnRlbnRcL3VwbG9hZHNcLzIwMjJcLzA1XC9GYWJyaWstU2FhcnN0cmFhXHUwMzAxZS0xOTI3LmpwZyIsInNsaWRlc2hvdyI6IjdjNmFjMzAifQ%3D%3D\">\n\t\t\t\t\t<div class=\"e-gallery-image elementor-gallery-item__image\" data-thumbnail=\"https:\/\/www.kieninger.com\/wp-content\/uploads\/2022\/05\/Fabrik-Saarstraa\u0301e-1927.jpg\" data-width=\"1200\" data-height=\"767\" aria-label=\"\" role=\"img\" ><\/div>\n\t\t\t\t\t\t\t\t\t\t\t<div class=\"elementor-gallery-item__overlay\"><\/div>\n\t\t\t\t\t\t\t\t\t\t\t\t\t\t<\/a>\n\t\t\t\t\t\t\t<a class=\"e-gallery-item elementor-gallery-item elementor-animated-content\" href=\"https:\/\/www.kieninger.com\/wp-content\/uploads\/2022\/05\/Familie-Kieninger-1912.jpg\" data-elementor-open-lightbox=\"yes\" data-elementor-lightbox-slideshow=\"7c6ac30\" data-elementor-lightbox-title=\"Familie Kieninger 1912\" data-e-action-hash=\"#elementor-action%3Aaction%3Dlightbox%26settings%3DeyJpZCI6OTE4LCJ1cmwiOiJodHRwczpcL1wvd3d3LmtpZW5pbmdlci5jb21cL3dwLWNvbnRlbnRcL3VwbG9hZHNcLzIwMjJcLzA1XC9GYW1pbGllLUtpZW5pbmdlci0xOTEyLmpwZyIsInNsaWRlc2hvdyI6IjdjNmFjMzAifQ%3D%3D\">\n\t\t\t\t\t<div class=\"e-gallery-image elementor-gallery-item__image\" data-thumbnail=\"https:\/\/www.kieninger.com\/wp-content\/uploads\/2022\/05\/Familie-Kieninger-1912.jpg\" data-width=\"1200\" data-height=\"952\" aria-label=\"\" role=\"img\" ><\/div>\n\t\t\t\t\t\t\t\t\t\t\t<div class=\"elementor-gallery-item__overlay\"><\/div>\n\t\t\t\t\t\t\t\t\t\t\t\t\t\t<\/a>\n\t\t\t\t\t\t\t<a class=\"e-gallery-item elementor-gallery-item elementor-animated-content\" href=\"https:\/\/www.kieninger.com\/wp-content\/uploads\/2022\/05\/Familie-Kieninger-1930.jpg\" data-elementor-open-lightbox=\"yes\" data-elementor-lightbox-slideshow=\"7c6ac30\" data-elementor-lightbox-title=\"Familie Kieninger 1930\" data-e-action-hash=\"#elementor-action%3Aaction%3Dlightbox%26settings%3DeyJpZCI6OTE5LCJ1cmwiOiJodHRwczpcL1wvd3d3LmtpZW5pbmdlci5jb21cL3dwLWNvbnRlbnRcL3VwbG9hZHNcLzIwMjJcLzA1XC9GYW1pbGllLUtpZW5pbmdlci0xOTMwLmpwZyIsInNsaWRlc2hvdyI6IjdjNmFjMzAifQ%3D%3D\">\n\t\t\t\t\t<div class=\"e-gallery-image elementor-gallery-item__image\" data-thumbnail=\"https:\/\/www.kieninger.com\/wp-content\/uploads\/2022\/05\/Familie-Kieninger-1930.jpg\" data-width=\"1200\" data-height=\"971\" aria-label=\"\" role=\"img\" ><\/div>\n\t\t\t\t\t\t\t\t\t\t\t<div class=\"elementor-gallery-item__overlay\"><\/div>\n\t\t\t\t\t\t\t\t\t\t\t\t\t\t<\/a>\n\t\t\t\t\t\t\t<a class=\"e-gallery-item elementor-gallery-item elementor-animated-content\" href=\"https:\/\/www.kieninger.com\/wp-content\/uploads\/2022\/05\/Fertigung-1928.jpg\" data-elementor-open-lightbox=\"yes\" data-elementor-lightbox-slideshow=\"7c6ac30\" data-elementor-lightbox-title=\"Fertigung 1928\" data-e-action-hash=\"#elementor-action%3Aaction%3Dlightbox%26settings%3DeyJpZCI6OTIwLCJ1cmwiOiJodHRwczpcL1wvd3d3LmtpZW5pbmdlci5jb21cL3dwLWNvbnRlbnRcL3VwbG9hZHNcLzIwMjJcLzA1XC9GZXJ0aWd1bmctMTkyOC5qcGciLCJzbGlkZXNob3ciOiI3YzZhYzMwIn0%3D\">\n\t\t\t\t\t<div class=\"e-gallery-image elementor-gallery-item__image\" data-thumbnail=\"https:\/\/www.kieninger.com\/wp-content\/uploads\/2022\/05\/Fertigung-1928.jpg\" data-width=\"1179\" data-height=\"1200\" aria-label=\"\" role=\"img\" ><\/div>\n\t\t\t\t\t\t\t\t\t\t\t<div class=\"elementor-gallery-item__overlay\"><\/div>\n\t\t\t\t\t\t\t\t\t\t\t\t\t\t<\/a>\n\t\t\t\t\t\t\t<a class=\"e-gallery-item elementor-gallery-item elementor-animated-content\" href=\"https:\/\/www.kieninger.com\/wp-content\/uploads\/2022\/05\/Joseph-Kieninger-1930.jpg\" data-elementor-open-lightbox=\"yes\" data-elementor-lightbox-slideshow=\"7c6ac30\" data-elementor-lightbox-title=\"Joseph Kieninger 1930\" data-e-action-hash=\"#elementor-action%3Aaction%3Dlightbox%26settings%3DeyJpZCI6OTIxLCJ1cmwiOiJodHRwczpcL1wvd3d3LmtpZW5pbmdlci5jb21cL3dwLWNvbnRlbnRcL3VwbG9hZHNcLzIwMjJcLzA1XC9Kb3NlcGgtS2llbmluZ2VyLTE5MzAuanBnIiwic2xpZGVzaG93IjoiN2M2YWMzMCJ9\">\n\t\t\t\t\t<div class=\"e-gallery-image elementor-gallery-item__image\" data-thumbnail=\"https:\/\/www.kieninger.com\/wp-content\/uploads\/2022\/05\/Joseph-Kieninger-1930.jpg\" data-width=\"662\" data-height=\"1200\" aria-label=\"\" role=\"img\" ><\/div>\n\t\t\t\t\t\t\t\t\t\t\t<div class=\"elementor-gallery-item__overlay\"><\/div>\n\t\t\t\t\t\t\t\t\t\t\t\t\t\t<\/a>\n\t\t\t\t\t\t\t<a class=\"e-gallery-item elementor-gallery-item elementor-animated-content\" href=\"https:\/\/www.kieninger.com\/wp-content\/uploads\/2022\/05\/Kieninger-Opel-1928.jpg\" data-elementor-open-lightbox=\"yes\" data-elementor-lightbox-slideshow=\"7c6ac30\" data-elementor-lightbox-title=\"Kieninger Opel 1928\" data-e-action-hash=\"#elementor-action%3Aaction%3Dlightbox%26settings%3DeyJpZCI6OTIyLCJ1cmwiOiJodHRwczpcL1wvd3d3LmtpZW5pbmdlci5jb21cL3dwLWNvbnRlbnRcL3VwbG9hZHNcLzIwMjJcLzA1XC9LaWVuaW5nZXItT3BlbC0xOTI4LmpwZyIsInNsaWRlc2hvdyI6IjdjNmFjMzAifQ%3D%3D\">\n\t\t\t\t\t<div class=\"e-gallery-image elementor-gallery-item__image\" data-thumbnail=\"https:\/\/www.kieninger.com\/wp-content\/uploads\/2022\/05\/Kieninger-Opel-1928.jpg\" data-width=\"1200\" data-height=\"771\" aria-label=\"\" role=\"img\" ><\/div>\n\t\t\t\t\t\t\t\t\t\t\t<div class=\"elementor-gallery-item__overlay\"><\/div>\n\t\t\t\t\t\t\t\t\t\t\t\t\t\t<\/a>\n\t\t\t\t\t\t\t<a class=\"e-gallery-item elementor-gallery-item elementor-animated-content\" href=\"https:\/\/www.kieninger.com\/wp-content\/uploads\/2022\/05\/Messe-1960.jpg\" data-elementor-open-lightbox=\"yes\" data-elementor-lightbox-slideshow=\"7c6ac30\" data-elementor-lightbox-title=\"Messe 1960\" data-e-action-hash=\"#elementor-action%3Aaction%3Dlightbox%26settings%3DeyJpZCI6OTIzLCJ1cmwiOiJodHRwczpcL1wvd3d3LmtpZW5pbmdlci5jb21cL3dwLWNvbnRlbnRcL3VwbG9hZHNcLzIwMjJcLzA1XC9NZXNzZS0xOTYwLmpwZyIsInNsaWRlc2hvdyI6IjdjNmFjMzAifQ%3D%3D\">\n\t\t\t\t\t<div class=\"e-gallery-image elementor-gallery-item__image\" data-thumbnail=\"https:\/\/www.kieninger.com\/wp-content\/uploads\/2022\/05\/Messe-1960.jpg\" data-width=\"1200\" data-height=\"847\" aria-label=\"\" role=\"img\" ><\/div>\n\t\t\t\t\t\t\t\t\t\t\t<div class=\"elementor-gallery-item__overlay\"><\/div>\n\t\t\t\t\t\t\t\t\t\t\t\t\t\t<\/a>\n\t\t\t\t\t\t\t<a class=\"e-gallery-item elementor-gallery-item elementor-animated-content\" href=\"https:\/\/www.kieninger.com\/wp-content\/uploads\/2022\/05\/Neubau-1990-Ausstellung.jpg\" data-elementor-open-lightbox=\"yes\" data-elementor-lightbox-slideshow=\"7c6ac30\" data-elementor-lightbox-title=\"Neubau 1990 Ausstellung\" data-e-action-hash=\"#elementor-action%3Aaction%3Dlightbox%26settings%3DeyJpZCI6OTI0LCJ1cmwiOiJodHRwczpcL1wvd3d3LmtpZW5pbmdlci5jb21cL3dwLWNvbnRlbnRcL3VwbG9hZHNcLzIwMjJcLzA1XC9OZXViYXUtMTk5MC1BdXNzdGVsbHVuZy5qcGciLCJzbGlkZXNob3ciOiI3YzZhYzMwIn0%3D\">\n\t\t\t\t\t<div class=\"e-gallery-image elementor-gallery-item__image\" data-thumbnail=\"https:\/\/www.kieninger.com\/wp-content\/uploads\/2022\/05\/Neubau-1990-Ausstellung.jpg\" data-width=\"1200\" data-height=\"844\" aria-label=\"\" role=\"img\" ><\/div>\n\t\t\t\t\t\t\t\t\t\t\t<div class=\"elementor-gallery-item__overlay\"><\/div>\n\t\t\t\t\t\t\t\t\t\t\t\t\t\t<\/a>\n\t\t\t\t\t\t\t<a class=\"e-gallery-item elementor-gallery-item elementor-animated-content\" href=\"https:\/\/www.kieninger.com\/wp-content\/uploads\/2022\/05\/Neubau-1990-SW-Ecke.jpg\" data-elementor-open-lightbox=\"yes\" data-elementor-lightbox-slideshow=\"7c6ac30\" data-elementor-lightbox-title=\"Neubau 1990 SW-Ecke\" data-e-action-hash=\"#elementor-action%3Aaction%3Dlightbox%26settings%3DeyJpZCI6OTI1LCJ1cmwiOiJodHRwczpcL1wvd3d3LmtpZW5pbmdlci5jb21cL3dwLWNvbnRlbnRcL3VwbG9hZHNcLzIwMjJcLzA1XC9OZXViYXUtMTk5MC1TVy1FY2tlLmpwZyIsInNsaWRlc2hvdyI6IjdjNmFjMzAifQ%3D%3D\">\n\t\t\t\t\t<div class=\"e-gallery-image elementor-gallery-item__image\" data-thumbnail=\"https:\/\/www.kieninger.com\/wp-content\/uploads\/2022\/05\/Neubau-1990-SW-Ecke.jpg\" data-width=\"884\" data-height=\"1200\" aria-label=\"\" role=\"img\" ><\/div>\n\t\t\t\t\t\t\t\t\t\t\t<div class=\"elementor-gallery-item__overlay\"><\/div>\n\t\t\t\t\t\t\t\t\t\t\t\t\t\t<\/a>\n\t\t\t\t\t<\/div>\n\t\t\t<\/div>\n\t\t\t\t<\/div>\n\t\t\t\t\t<\/div>\n\t\t<\/div>\n\t\t\t\t\t\t\t<\/div>\n\t\t<\/section>\n\t\t\t\t\t\t\t<\/div>","protected":false},"excerpt":{"rendered":"<p>110 Jahre Meisterst\u00fccke deutscher Uhrmacherkunst Geschichte Im Jahr 2012 beging die Kieninger Uhrenfabrik ihr 100-j\u00e4hriges Jubil\u00e4um. Kieninger wurde 1912 durch Joseph Kieninger (1872-1936) im Schwarzwald gegr\u00fcndet und ist damit der \u00e4lteste bestehende Hersteller von mechanischen Uhrwerken f\u00fcr Stand-, Wand- und Tischuhren der Welt. Einzigartige Uhren in Ankn\u00fcpfung an die handwerklichen Traditionen des 20. Jahrhunderts. Seit [&hellip;]<\/p>","protected":false},"author":1,"featured_media":0,"parent":0,"menu_order":0,"comment_status":"closed","ping_status":"closed","template":"elementor_header_footer","meta":[],"_links":{"self":[{"href":"https:\/\/www.kieninger.com\/en\/wp-json\/wp\/v2\/pages\/497"}],"collection":[{"href":"https:\/\/www.kieninger.com\/en\/wp-json\/wp\/v2\/pages"}],"about":[{"href":"https:\/\/www.kieninger.com\/en\/wp-json\/wp\/v2\/types\/page"}],"author":[{"embeddable":true,"href":"https:\/\/www.kieninger.com\/en\/wp-json\/wp\/v2\/users\/1"}],"replies":[{"embeddable":true,"href":"https:\/\/www.kieninger.com\/en\/wp-json\/wp\/v2\/comments?post=497"}],"version-history":[{"count":55,"href":"https:\/\/www.kieninger.com\/en\/wp-json\/wp\/v2\/pages\/497\/revisions"}],"predecessor-version":[{"id":2686,"href":"https:\/\/www.kieninger.com\/en\/wp-json\/wp\/v2\/pages\/497\/revisions\/2686"}],"wp:attachment":[{"href":"https:\/\/www.kieninger.com\/en\/wp-json\/wp\/v2\/media?parent=497"}],"curies":[{"name":"wp","href":"https:\/\/api.w.org\/{rel}","templated":true}]}}