{"id":2752,"date":"2023-02-05T13:28:06","date_gmt":"2023-02-05T12:28:06","guid":{"rendered":"https:\/\/www.kieninger.com\/?page_id=2752"},"modified":"2023-02-13T14:35:33","modified_gmt":"2023-02-13T13:35:33","slug":"standuhr_0142-92-01","status":"publish","type":"page","link":"https:\/\/www.kieninger.com\/en\/standuhren\/standuhr_0142-92-01\/","title":{"rendered":"Standuhr_0142-92-01"},"content":{"rendered":"<div data-elementor-type=\"wp-page\" data-elementor-id=\"2752\" class=\"elementor elementor-2752\" data-elementor-post-type=\"page\">\n\t\t\t\t\t\t\t\t\t<section class=\"elementor-section elementor-top-section elementor-element elementor-element-e6d6fbf elementor-section-height-full elementor-section-items-bottom elementor-section-full_width elementor-reverse-tablet elementor-reverse-mobile elementor-section-height-default\" data-id=\"e6d6fbf\" data-element_type=\"section\" data-settings=\"{&quot;background_background&quot;:&quot;classic&quot;}\">\n\t\t\t\t\t\t\t<div class=\"elementor-background-overlay\"><\/div>\n\t\t\t\t\t\t\t<div class=\"elementor-container elementor-column-gap-no\">\n\t\t\t\t\t<div class=\"elementor-column elementor-col-50 elementor-top-column elementor-element elementor-element-c9134ec\" data-id=\"c9134ec\" data-element_type=\"column\" data-settings=\"{&quot;background_background&quot;:&quot;classic&quot;}\">\n\t\t\t<div class=\"elementor-widget-wrap elementor-element-populated\">\n\t\t\t\t\t\t\t\t<div class=\"elementor-element elementor-element-645b95e elementor-widget elementor-widget-heading\" data-id=\"645b95e\" data-element_type=\"widget\" data-widget_type=\"heading.default\">\n\t\t\t\t<div class=\"elementor-widget-container\">\n\t\t\t<h2 class=\"elementor-heading-title elementor-size-default\">Model <br>0142-92-01<\/h2>\t\t<\/div>\n\t\t\t\t<\/div>\n\t\t\t\t<div class=\"elementor-element elementor-element-42a2115 elementor-hidden-tablet elementor-hidden-mobile elementor-view-default elementor-widget elementor-widget-icon\" data-id=\"42a2115\" data-element_type=\"widget\" data-widget_type=\"icon.default\">\n\t\t\t\t<div class=\"elementor-widget-container\">\n\t\t\t\t\t<div class=\"elementor-icon-wrapper\">\n\t\t\t<a class=\"elementor-icon\" href=\"#beschreibung\">\n\t\t\t<svg xmlns=\"http:\/\/www.w3.org\/2000\/svg\" xmlns:xlink=\"http:\/\/www.w3.org\/1999\/xlink\" id=\"Ebene_1\" x=\"0px\" y=\"0px\" viewbox=\"0 0 400 400\" style=\"enable-background:new 0 0 400 400;\" xml:space=\"preserve\"><g>\t<path d=\"M200,36.9c-89.9,0-163.1,73.2-163.1,163.1S110.1,363.1,200,363.1S363.1,289.9,363.1,200S289.9,36.9,200,36.9z M200,356.6  c-86.3,0-156.6-70.2-156.6-156.6S113.7,43.4,200,43.4S356.6,113.7,356.6,200S286.3,356.6,200,356.6z\"><\/path>\t<path d=\"M200,56.5c-79.1,0-143.5,64.4-143.5,143.5S120.9,343.5,200,343.5S343.5,279.1,343.5,200S279.1,56.5,200,56.5z M200,337  c-75.5,0-137-61.5-137-137S124.5,63,200,63c75.5,0,137,61.5,137,137S275.5,337,200,337z\"><\/path>\t<polygon points=\"203.3,241.2 203.3,143.4 196.7,143.4 196.7,241.2 172.9,209 167.7,212.9 200,256.6 232.3,212.9 227.1,209  \"><\/polygon><\/g><\/svg>\t\t\t<\/a>\n\t\t<\/div>\n\t\t\t\t<\/div>\n\t\t\t\t<\/div>\n\t\t\t\t\t<\/div>\n\t\t<\/div>\n\t\t\t\t<div class=\"elementor-column elementor-col-50 elementor-top-column elementor-element elementor-element-9a55d70\" data-id=\"9a55d70\" data-element_type=\"column\">\n\t\t\t<div class=\"elementor-widget-wrap elementor-element-populated\">\n\t\t\t\t\t\t\t\t<div class=\"elementor-element elementor-element-c010641 elementor-widget elementor-widget-image\" data-id=\"c010641\" data-element_type=\"widget\" data-widget_type=\"image.default\">\n\t\t\t\t<div class=\"elementor-widget-container\">\n\t\t\t\t\t\t\t\t\t\t\t\t\t\t\t<img decoding=\"async\" width=\"1000\" height=\"1300\" src=\"https:\/\/www.kieninger.com\/wp-content\/uploads\/2023\/02\/0142-92-01_Ambiente.jpg\" class=\"attachment-full size-full wp-image-2854\" alt=\"\" loading=\"lazy\" srcset=\"https:\/\/www.kieninger.com\/wp-content\/uploads\/2023\/02\/0142-92-01_Ambiente.jpg 1000w, https:\/\/www.kieninger.com\/wp-content\/uploads\/2023\/02\/0142-92-01_Ambiente-231x300.jpg 231w, https:\/\/www.kieninger.com\/wp-content\/uploads\/2023\/02\/0142-92-01_Ambiente-788x1024.jpg 788w, https:\/\/www.kieninger.com\/wp-content\/uploads\/2023\/02\/0142-92-01_Ambiente-768x998.jpg 768w\" sizes=\"(max-width: 1000px) 100vw, 1000px\" \/>\t\t\t\t\t\t\t\t\t\t\t\t\t\t\t<\/div>\n\t\t\t\t<\/div>\n\t\t\t\t\t<\/div>\n\t\t<\/div>\n\t\t\t\t\t\t\t<\/div>\n\t\t<\/section>\n\t\t\t\t<section class=\"elementor-section elementor-top-section elementor-element elementor-element-7b0e597 elementor-section-content-middle elementor-section-boxed elementor-section-height-default elementor-section-height-default\" data-id=\"7b0e597\" data-element_type=\"section\">\n\t\t\t\t\t\t<div class=\"elementor-container elementor-column-gap-default\">\n\t\t\t\t\t<div class=\"elementor-column elementor-col-100 elementor-top-column elementor-element elementor-element-959e6a9\" data-id=\"959e6a9\" data-element_type=\"column\">\n\t\t\t<div class=\"elementor-widget-wrap elementor-element-populated\">\n\t\t\t\t\t\t\t\t<div class=\"elementor-element elementor-element-1b239e4 elementor-align-left elementor-icon-list--layout-traditional elementor-list-item-link-full_width elementor-widget elementor-widget-icon-list\" data-id=\"1b239e4\" data-element_type=\"widget\" data-widget_type=\"icon-list.default\">\n\t\t\t\t<div class=\"elementor-widget-container\">\n\t\t\t\t\t<ul class=\"elementor-icon-list-items\">\n\t\t\t\t\t\t\t<li class=\"elementor-icon-list-item\">\n\t\t\t\t\t\t\t\t\t\t\t<a href=\"https:\/\/www.kieninger.com\/en\/standuhren\/\">\n\n\t\t\t\t\t\t\t\t\t\t\t\t<span class=\"elementor-icon-list-icon\">\n\t\t\t\t\t\t\t<svg xmlns=\"http:\/\/www.w3.org\/2000\/svg\" xmlns:xlink=\"http:\/\/www.w3.org\/1999\/xlink\" id=\"Ebene_1\" x=\"0px\" y=\"0px\" viewbox=\"0 0 400 400\" style=\"enable-background:new 0 0 400 400;\" xml:space=\"preserve\"><g>\t<path d=\"M363.1,200c0-89.9-73.2-163.1-163.1-163.1S36.9,110.1,36.9,200S110.1,363.1,200,363.1S363.1,289.9,363.1,200z M43.4,200  c0-86.3,70.2-156.6,156.6-156.6S356.6,113.7,356.6,200S286.3,356.6,200,356.6S43.4,286.3,43.4,200z\"><\/path>\t<path d=\"M343.5,200c0-79.1-64.4-143.5-143.5-143.5S56.5,120.9,56.5,200S120.9,343.5,200,343.5S343.5,279.1,343.5,200z M63,200  c0-75.5,61.5-137,137-137s137,61.5,137,137s-61.5,137-137,137S63,275.5,63,200z\"><\/path>\t<polygon points=\"158.8,203.3 256.6,203.3 256.6,196.7 158.8,196.7 191,172.9 187.1,167.7 143.4,200 187.1,232.3 191,227.1  \"><\/polygon><\/g><\/svg>\t\t\t\t\t\t<\/span>\n\t\t\t\t\t\t\t\t\t\t<span class=\"elementor-icon-list-text\">Back to the overview<\/span>\n\t\t\t\t\t\t\t\t\t\t\t<\/a>\n\t\t\t\t\t\t\t\t\t<\/li>\n\t\t\t\t\t\t<\/ul>\n\t\t\t\t<\/div>\n\t\t\t\t<\/div>\n\t\t\t\t\t<\/div>\n\t\t<\/div>\n\t\t\t\t\t\t\t<\/div>\n\t\t<\/section>\n\t\t\t\t<section class=\"elementor-section elementor-top-section elementor-element elementor-element-5b3bc9f elementor-section-boxed elementor-section-height-default elementor-section-height-default\" data-id=\"5b3bc9f\" data-element_type=\"section\">\n\t\t\t\t\t\t<div class=\"elementor-container elementor-column-gap-default\">\n\t\t\t\t\t<div class=\"elementor-column elementor-col-100 elementor-top-column elementor-element elementor-element-4ed9b9f\" data-id=\"4ed9b9f\" data-element_type=\"column\">\n\t\t\t<div class=\"elementor-widget-wrap elementor-element-populated\">\n\t\t\t\t\t\t\t\t<div class=\"elementor-element elementor-element-52469d5 elementor-widget elementor-widget-menu-anchor\" data-id=\"52469d5\" data-element_type=\"widget\" data-widget_type=\"menu-anchor.default\">\n\t\t\t\t<div class=\"elementor-widget-container\">\n\t\t\t\t\t<div id=\"beschreibung\" class=\"elementor-menu-anchor\"><\/div>\n\t\t\t\t<\/div>\n\t\t\t\t<\/div>\n\t\t\t\t\t<\/div>\n\t\t<\/div>\n\t\t\t\t\t\t\t<\/div>\n\t\t<\/section>\n\t\t\t\t<section class=\"elementor-section elementor-top-section elementor-element elementor-element-d81a4be elementor-section-height-full elementor-section-content-middle elementor-section-boxed elementor-section-height-default elementor-section-items-middle\" data-id=\"d81a4be\" data-element_type=\"section\" data-settings=\"{&quot;background_background&quot;:&quot;classic&quot;}\">\n\t\t\t\t\t\t\t<div class=\"elementor-background-overlay\"><\/div>\n\t\t\t\t\t\t\t<div class=\"elementor-container elementor-column-gap-default\">\n\t\t\t\t\t<div class=\"elementor-column elementor-col-33 elementor-top-column elementor-element elementor-element-d51c83d\" data-id=\"d51c83d\" data-element_type=\"column\">\n\t\t\t<div class=\"elementor-widget-wrap elementor-element-populated\">\n\t\t\t\t\t\t\t\t<div class=\"elementor-element elementor-element-e0cd5b9 elementor-widget elementor-widget-heading\" data-id=\"e0cd5b9\" data-element_type=\"widget\" data-widget_type=\"heading.default\">\n\t\t\t\t<div class=\"elementor-widget-container\">\n\t\t\t<h2 class=\"elementor-heading-title elementor-size-default\">Description<\/h2>\t\t<\/div>\n\t\t\t\t<\/div>\n\t\t\t\t<div class=\"elementor-element elementor-element-7110367 elementor-widget-divider--view-line elementor-widget elementor-widget-divider\" data-id=\"7110367\" data-element_type=\"widget\" data-widget_type=\"divider.default\">\n\t\t\t\t<div class=\"elementor-widget-container\">\n\t\t\t\t\t<div class=\"elementor-divider\">\n\t\t\t<span class=\"elementor-divider-separator\">\n\t\t\t\t\t\t<\/span>\n\t\t<\/div>\n\t\t\t\t<\/div>\n\t\t\t\t<\/div>\n\t\t\t\t<div class=\"elementor-element elementor-element-c679a0b elementor-widget elementor-widget-text-editor\" data-id=\"c679a0b\" data-element_type=\"widget\" data-widget_type=\"text-editor.default\">\n\t\t\t\t<div class=\"elementor-widget-container\">\n\t\t\t\t\t\t\t<p>Long pendulum clock with open escapement:<\/p><p>Elegant, slim grandfather clock in black polished lacquer. Back panel with fine mother-of-pearl effect inlays. Fully faceted glass in base and body, triple LED lighting, fine, enamel white dial with Roman numerals, 1st second compensation pendulum with fine adjustment.<\/p><p>Numbered Edition.<\/p>\t\t\t\t\t\t<\/div>\n\t\t\t\t<\/div>\n\t\t\t\t\t<\/div>\n\t\t<\/div>\n\t\t\t\t<div class=\"elementor-column elementor-col-33 elementor-top-column elementor-element elementor-element-ae01ae4\" data-id=\"ae01ae4\" data-element_type=\"column\">\n\t\t\t<div class=\"elementor-widget-wrap elementor-element-populated\">\n\t\t\t\t\t\t\t\t<div class=\"elementor-element elementor-element-4c8aa43 elementor-widget elementor-widget-image\" data-id=\"4c8aa43\" data-element_type=\"widget\" data-widget_type=\"image.default\">\n\t\t\t\t<div class=\"elementor-widget-container\">\n\t\t\t\t\t\t\t\t\t\t\t\t\t\t\t\t<a href=\"https:\/\/www.kieninger.com\/wp-content\/uploads\/2023\/02\/0142-92-01.jpg\" data-elementor-open-lightbox=\"yes\" data-elementor-lightbox-title=\"0142-92-01\" data-e-action-hash=\"#elementor-action%3Aaction%3Dlightbox%26settings%3DeyJpZCI6MjczMSwidXJsIjoiaHR0cHM6XC9cL3d3dy5raWVuaW5nZXIuY29tXC93cC1jb250ZW50XC91cGxvYWRzXC8yMDIzXC8wMlwvMDE0Mi05Mi0wMS5qcGcifQ%3D%3D\">\n\t\t\t\t\t\t\t<img decoding=\"async\" width=\"600\" height=\"1043\" src=\"https:\/\/www.kieninger.com\/wp-content\/uploads\/2023\/02\/0142-92-01.jpg\" class=\"attachment-full size-full wp-image-2731\" alt=\"\" loading=\"lazy\" srcset=\"https:\/\/www.kieninger.com\/wp-content\/uploads\/2023\/02\/0142-92-01.jpg 600w, https:\/\/www.kieninger.com\/wp-content\/uploads\/2023\/02\/0142-92-01-173x300.jpg 173w, https:\/\/www.kieninger.com\/wp-content\/uploads\/2023\/02\/0142-92-01-589x1024.jpg 589w\" sizes=\"(max-width: 600px) 100vw, 600px\" \/>\t\t\t\t\t\t\t\t<\/a>\n\t\t\t\t\t\t\t\t\t\t\t\t\t\t\t<\/div>\n\t\t\t\t<\/div>\n\t\t\t\t\t<\/div>\n\t\t<\/div>\n\t\t\t\t<div class=\"elementor-column elementor-col-33 elementor-top-column elementor-element elementor-element-84ff62f\" data-id=\"84ff62f\" data-element_type=\"column\">\n\t\t\t<div class=\"elementor-widget-wrap elementor-element-populated\">\n\t\t\t\t\t\t\t\t<div class=\"elementor-element elementor-element-21da286 elementor-widget elementor-widget-heading\" data-id=\"21da286\" data-element_type=\"widget\" data-widget_type=\"heading.default\">\n\t\t\t\t<div class=\"elementor-widget-container\">\n\t\t\t<h2 class=\"elementor-heading-title elementor-size-default\">Dimensions<\/h2>\t\t<\/div>\n\t\t\t\t<\/div>\n\t\t\t\t<div class=\"elementor-element elementor-element-22e6d5e elementor-widget elementor-widget-text-editor\" data-id=\"22e6d5e\" data-element_type=\"widget\" data-widget_type=\"text-editor.default\">\n\t\t\t\t<div class=\"elementor-widget-container\">\n\t\t\t\t\t\t\t<p>208 x 43 x 23 cm<\/p>\t\t\t\t\t\t<\/div>\n\t\t\t\t<\/div>\n\t\t\t\t<div class=\"elementor-element elementor-element-4e8a5d8 elementor-widget elementor-widget-heading\" data-id=\"4e8a5d8\" data-element_type=\"widget\" data-widget_type=\"heading.default\">\n\t\t\t\t<div class=\"elementor-widget-container\">\n\t\t\t<h2 class=\"elementor-heading-title elementor-size-default\">Colour<\/h2>\t\t<\/div>\n\t\t\t\t<\/div>\n\t\t\t\t<div class=\"elementor-element elementor-element-3e1da8e elementor-widget elementor-widget-text-editor\" data-id=\"3e1da8e\" data-element_type=\"widget\" data-widget_type=\"text-editor.default\">\n\t\t\t\t<div class=\"elementor-widget-container\">\n\t\t\t\t\t\t\t<p>92 black &amp; walnut root<\/p>\t\t\t\t\t\t<\/div>\n\t\t\t\t<\/div>\n\t\t\t\t<div class=\"elementor-element elementor-element-348512a elementor-widget elementor-widget-heading\" data-id=\"348512a\" data-element_type=\"widget\" data-widget_type=\"heading.default\">\n\t\t\t\t<div class=\"elementor-widget-container\">\n\t\t\t<h2 class=\"elementor-heading-title elementor-size-default\">Clockwork<\/h2>\t\t<\/div>\n\t\t\t\t<\/div>\n\t\t\t\t<div class=\"elementor-element elementor-element-e972185 elementor-widget elementor-widget-text-editor\" data-id=\"e972185\" data-element_type=\"widget\" data-widget_type=\"text-editor.default\">\n\t\t\t\t<div class=\"elementor-widget-container\">\n\t\t\t\t\t\t\t<p><a href=\"https:\/\/www.kieninger.com\/en\/uhrwerke\/rs\/\">RS011<\/a><\/p>\t\t\t\t\t\t<\/div>\n\t\t\t\t<\/div>\n\t\t\t\t\t<\/div>\n\t\t<\/div>\n\t\t\t\t\t\t\t<\/div>\n\t\t<\/section>\n\t\t\t\t<section class=\"elementor-section elementor-top-section elementor-element elementor-element-7e95e25 elementor-section-full_width elementor-section-height-default elementor-section-height-default\" data-id=\"7e95e25\" data-element_type=\"section\">\n\t\t\t\t\t\t<div class=\"elementor-container elementor-column-gap-default\">\n\t\t\t\t\t<div class=\"elementor-column elementor-col-100 elementor-top-column elementor-element elementor-element-95a8fff\" data-id=\"95a8fff\" data-element_type=\"column\">\n\t\t\t<div class=\"elementor-widget-wrap elementor-element-populated\">\n\t\t\t\t\t\t\t\t<div class=\"elementor-element elementor-element-ac4a952 elementor-widget elementor-widget-gallery\" data-id=\"ac4a952\" data-element_type=\"widget\" data-settings=\"{&quot;gallery_layout&quot;:&quot;masonry&quot;,&quot;columns&quot;:3,&quot;columns_mobile&quot;:2,&quot;gap&quot;:{&quot;unit&quot;:&quot;px&quot;,&quot;size&quot;:20,&quot;sizes&quot;:[]},&quot;lazyload&quot;:&quot;yes&quot;,&quot;columns_tablet&quot;:2,&quot;gap_tablet&quot;:{&quot;unit&quot;:&quot;px&quot;,&quot;size&quot;:10,&quot;sizes&quot;:[]},&quot;gap_mobile&quot;:{&quot;unit&quot;:&quot;px&quot;,&quot;size&quot;:10,&quot;sizes&quot;:[]},&quot;link_to&quot;:&quot;file&quot;,&quot;overlay_background&quot;:&quot;yes&quot;,&quot;content_hover_animation&quot;:&quot;fade-in&quot;}\" data-widget_type=\"gallery.default\">\n\t\t\t\t<div class=\"elementor-widget-container\">\n\t\t\t\t\t<div class=\"elementor-gallery__container\">\n\t\t\t\t\t\t\t<a class=\"e-gallery-item elementor-gallery-item elementor-animated-content\" href=\"https:\/\/www.kieninger.com\/wp-content\/uploads\/2023\/02\/0142-92-01_Ambiente-1.jpg\" data-elementor-open-lightbox=\"yes\" data-elementor-lightbox-slideshow=\"ac4a952\" data-elementor-lightbox-title=\"0142-92-01_Ambiente\" data-e-action-hash=\"#elementor-action%3Aaction%3Dlightbox%26settings%3DeyJpZCI6Mjg2OCwidXJsIjoiaHR0cHM6XC9cL3d3dy5raWVuaW5nZXIuY29tXC93cC1jb250ZW50XC91cGxvYWRzXC8yMDIzXC8wMlwvMDE0Mi05Mi0wMV9BbWJpZW50ZS0xLmpwZyIsInNsaWRlc2hvdyI6ImFjNGE5NTIifQ%3D%3D\">\n\t\t\t\t\t<div class=\"e-gallery-image elementor-gallery-item__image\" data-thumbnail=\"https:\/\/www.kieninger.com\/wp-content\/uploads\/2023\/02\/0142-92-01_Ambiente-1.jpg\" data-width=\"1000\" data-height=\"1300\" aria-label=\"\" role=\"img\" ><\/div>\n\t\t\t\t\t\t\t\t\t\t\t<div class=\"elementor-gallery-item__overlay\"><\/div>\n\t\t\t\t\t\t\t\t\t\t\t\t\t\t<\/a>\n\t\t\t\t\t<\/div>\n\t\t\t<\/div>\n\t\t\t\t<\/div>\n\t\t\t\t\t<\/div>\n\t\t<\/div>\n\t\t\t\t\t\t\t<\/div>\n\t\t<\/section>\n\t\t\t\t\t\t\t<\/div>","protected":false},"excerpt":{"rendered":"<p>Modell 0142-92-01 Zur\u00fcck zur \u00dcbersicht Beschreibung Langpendeluhr mit offener Hemmung: Elegante, schlanke Standuhr in schwarzem Schleiflack. Ru\u0308ckwand mit feinen Perlmutteffekt-Intarsien. Komplett facettierte Gl\u00e4ser in Sockel und Korpus, dreifach LED-Beleuchtung, feines, emaillewei\u00dfes Zifferblatt mit r\u00f6mischen Ziffern, 1. Sekunden-Kompensationspendel mit Feinregulierung. Nummerierte Edition. Gr\u00f6\u00dfe 208 x 43 x 23 cm Farbe 92 Schwarz &amp; Nu\u00dfbaumwurzel Uhrwerk RS011<\/p>","protected":false},"author":2,"featured_media":0,"parent":533,"menu_order":0,"comment_status":"closed","ping_status":"closed","template":"elementor_header_footer","meta":[],"_links":{"self":[{"href":"https:\/\/www.kieninger.com\/en\/wp-json\/wp\/v2\/pages\/2752"}],"collection":[{"href":"https:\/\/www.kieninger.com\/en\/wp-json\/wp\/v2\/pages"}],"about":[{"href":"https:\/\/www.kieninger.com\/en\/wp-json\/wp\/v2\/types\/page"}],"author":[{"embeddable":true,"href":"https:\/\/www.kieninger.com\/en\/wp-json\/wp\/v2\/users\/2"}],"replies":[{"embeddable":true,"href":"https:\/\/www.kieninger.com\/en\/wp-json\/wp\/v2\/comments?post=2752"}],"version-history":[{"count":7,"href":"https:\/\/www.kieninger.com\/en\/wp-json\/wp\/v2\/pages\/2752\/revisions"}],"predecessor-version":[{"id":2871,"href":"https:\/\/www.kieninger.com\/en\/wp-json\/wp\/v2\/pages\/2752\/revisions\/2871"}],"up":[{"embeddable":true,"href":"https:\/\/www.kieninger.com\/en\/wp-json\/wp\/v2\/pages\/533"}],"wp:attachment":[{"href":"https:\/\/www.kieninger.com\/en\/wp-json\/wp\/v2\/media?parent=2752"}],"curies":[{"name":"wp","href":"https:\/\/api.w.org\/{rel}","templated":true}]}}