{"id":1593,"date":"2022-05-19T11:42:30","date_gmt":"2022-05-19T09:42:30","guid":{"rendered":"http:\/\/kieninger.com\/?page_id=1593"},"modified":"2022-05-19T11:43:15","modified_gmt":"2022-05-19T09:43:15","slug":"reb-2","status":"publish","type":"page","link":"https:\/\/www.kieninger.com\/en\/uhrwerke\/reb-2\/","title":{"rendered":"REB"},"content":{"rendered":"<div data-elementor-type=\"wp-page\" data-elementor-id=\"1593\" class=\"elementor elementor-1593\" data-elementor-post-type=\"page\">\n\t\t\t\t\t\t\t\t\t<section class=\"elementor-section elementor-top-section elementor-element elementor-element-2437e4a elementor-section-height-full elementor-section-boxed elementor-section-height-default elementor-section-items-middle\" data-id=\"2437e4a\" data-element_type=\"section\" data-settings=\"{&quot;background_background&quot;:&quot;classic&quot;}\">\n\t\t\t\t\t\t\t<div class=\"elementor-background-overlay\"><\/div>\n\t\t\t\t\t\t\t<div class=\"elementor-container elementor-column-gap-default\">\n\t\t\t\t\t<div class=\"elementor-column elementor-col-50 elementor-top-column elementor-element elementor-element-8d48e3f\" data-id=\"8d48e3f\" data-element_type=\"column\">\n\t\t\t<div class=\"elementor-widget-wrap elementor-element-populated\">\n\t\t\t\t\t\t\t\t<div class=\"elementor-element elementor-element-ba2bb1c elementor-widget elementor-widget-heading\" data-id=\"ba2bb1c\" data-element_type=\"widget\" data-widget_type=\"heading.default\">\n\t\t\t\t<div class=\"elementor-widget-container\">\n\t\t\t<h2 class=\"elementor-heading-title elementor-size-default\">Model REB<\/h2>\t\t<\/div>\n\t\t\t\t<\/div>\n\t\t\t\t<div class=\"elementor-element elementor-element-b906821 elementor-widget-divider--view-line elementor-widget elementor-widget-divider\" data-id=\"b906821\" data-element_type=\"widget\" data-widget_type=\"divider.default\">\n\t\t\t\t<div class=\"elementor-widget-container\">\n\t\t\t\t\t<div class=\"elementor-divider\">\n\t\t\t<span class=\"elementor-divider-separator\">\n\t\t\t\t\t\t<\/span>\n\t\t<\/div>\n\t\t\t\t<\/div>\n\t\t\t\t<\/div>\n\t\t\t\t<div class=\"elementor-element elementor-element-120e8e5 elementor-widget elementor-widget-text-editor\" data-id=\"120e8e5\" data-element_type=\"widget\" data-widget_type=\"text-editor.default\">\n\t\t\t\t<div class=\"elementor-widget-container\">\n\t\t\t\t\t\t\t<p>1\/4 spring-wound movement with echappement (Swiss lever escapement, 11 jewels with screw balance) and Westminster chime on rear-mounted 4-bell chime, 7-day power reserve, plate size 131 x 131 x 2.0 mm, 6 Aeterna bronze bearing bushes (supplementary wheels), quick-release axles (mainspring barrels), safety winding stop, second indication, strike cut-off and automatic night cut-off between 22.00 and 7.15 clock.<\/p>\t\t\t\t\t\t<\/div>\n\t\t\t\t<\/div>\n\t\t\t\t\t<\/div>\n\t\t<\/div>\n\t\t\t\t<div class=\"elementor-column elementor-col-50 elementor-top-column elementor-element elementor-element-695b8b7\" data-id=\"695b8b7\" data-element_type=\"column\">\n\t\t\t<div class=\"elementor-widget-wrap elementor-element-populated\">\n\t\t\t\t\t\t\t\t<div class=\"elementor-element elementor-element-46a2698 elementor-widget elementor-widget-image\" data-id=\"46a2698\" data-element_type=\"widget\" data-widget_type=\"image.default\">\n\t\t\t\t<div class=\"elementor-widget-container\">\n\t\t\t\t\t\t\t\t\t\t\t\t\t\t\t<img decoding=\"async\" width=\"800\" height=\"800\" src=\"https:\/\/www.kieninger.com\/wp-content\/uploads\/2022\/05\/reb.jpg\" class=\"attachment-full size-full wp-image-1339\" alt=\"\" loading=\"lazy\" srcset=\"https:\/\/www.kieninger.com\/wp-content\/uploads\/2022\/05\/reb.jpg 800w, https:\/\/www.kieninger.com\/wp-content\/uploads\/2022\/05\/reb-300x300.jpg 300w, https:\/\/www.kieninger.com\/wp-content\/uploads\/2022\/05\/reb-150x150.jpg 150w, https:\/\/www.kieninger.com\/wp-content\/uploads\/2022\/05\/reb-768x768.jpg 768w\" sizes=\"(max-width: 800px) 100vw, 800px\" \/>\t\t\t\t\t\t\t\t\t\t\t\t\t\t\t<\/div>\n\t\t\t\t<\/div>\n\t\t\t\t\t<\/div>\n\t\t<\/div>\n\t\t\t\t\t\t\t<\/div>\n\t\t<\/section>\n\t\t\t\t\t\t\t<\/div>","protected":false},"excerpt":{"rendered":"<p>Modell REB 1\/4 Federzugwerk mit Echappement (Schweizer Ankergang,11 Steine mit Schraubenunruh) und Westminsterschlag auf hintenliegendes 4-Glockenspiel, Gangdauer 7 Tage, Platinenma\u00df 131 x 131 x 2,0 mm, 6 Aeterna Bronze-Lagerbuchsen (Beisatzr\u00e4der), Steckachsen (Federh\u00e4user), Sicherheitsaufzugsgesperr, Sekundenanzeige, Schlagabschaltung und automatische Nachtabschaltung zwischen 22.00 und 7.15 Uhr.<\/p>","protected":false},"author":1,"featured_media":0,"parent":612,"menu_order":0,"comment_status":"closed","ping_status":"closed","template":"elementor_header_footer","meta":[],"_links":{"self":[{"href":"https:\/\/www.kieninger.com\/en\/wp-json\/wp\/v2\/pages\/1593"}],"collection":[{"href":"https:\/\/www.kieninger.com\/en\/wp-json\/wp\/v2\/pages"}],"about":[{"href":"https:\/\/www.kieninger.com\/en\/wp-json\/wp\/v2\/types\/page"}],"author":[{"embeddable":true,"href":"https:\/\/www.kieninger.com\/en\/wp-json\/wp\/v2\/users\/1"}],"replies":[{"embeddable":true,"href":"https:\/\/www.kieninger.com\/en\/wp-json\/wp\/v2\/comments?post=1593"}],"version-history":[{"count":4,"href":"https:\/\/www.kieninger.com\/en\/wp-json\/wp\/v2\/pages\/1593\/revisions"}],"predecessor-version":[{"id":1597,"href":"https:\/\/www.kieninger.com\/en\/wp-json\/wp\/v2\/pages\/1593\/revisions\/1597"}],"up":[{"embeddable":true,"href":"https:\/\/www.kieninger.com\/en\/wp-json\/wp\/v2\/pages\/612"}],"wp:attachment":[{"href":"https:\/\/www.kieninger.com\/en\/wp-json\/wp\/v2\/media?parent=1593"}],"curies":[{"name":"wp","href":"https:\/\/api.w.org\/{rel}","templated":true}]}}