{"id":1505,"date":"2022-05-19T11:20:49","date_gmt":"2022-05-19T09:20:49","guid":{"rendered":"http:\/\/kieninger.com\/?page_id=1505"},"modified":"2022-05-19T11:21:24","modified_gmt":"2022-05-19T09:21:24","slug":"ksu-16t","status":"publish","type":"page","link":"https:\/\/www.kieninger.com\/en\/uhrwerke\/ksu-16t\/","title":{"rendered":"KSU (16T)"},"content":{"rendered":"<div data-elementor-type=\"wp-page\" data-elementor-id=\"1505\" class=\"elementor elementor-1505\" data-elementor-post-type=\"page\">\n\t\t\t\t\t\t\t\t\t<section class=\"elementor-section elementor-top-section elementor-element elementor-element-2437e4a elementor-section-height-full elementor-section-boxed elementor-section-height-default elementor-section-items-middle\" data-id=\"2437e4a\" data-element_type=\"section\" data-settings=\"{&quot;background_background&quot;:&quot;classic&quot;}\">\n\t\t\t\t\t\t\t<div class=\"elementor-background-overlay\"><\/div>\n\t\t\t\t\t\t\t<div class=\"elementor-container elementor-column-gap-default\">\n\t\t\t\t\t<div class=\"elementor-column elementor-col-50 elementor-top-column elementor-element elementor-element-8d48e3f\" data-id=\"8d48e3f\" data-element_type=\"column\">\n\t\t\t<div class=\"elementor-widget-wrap elementor-element-populated\">\n\t\t\t\t\t\t\t\t<div class=\"elementor-element elementor-element-ba2bb1c elementor-widget elementor-widget-heading\" data-id=\"ba2bb1c\" data-element_type=\"widget\" data-widget_type=\"heading.default\">\n\t\t\t\t<div class=\"elementor-widget-container\">\n\t\t\t<h2 class=\"elementor-heading-title elementor-size-default\">Model KSU (16T)<\/h2>\t\t<\/div>\n\t\t\t\t<\/div>\n\t\t\t\t<div class=\"elementor-element elementor-element-b906821 elementor-widget-divider--view-line elementor-widget elementor-widget-divider\" data-id=\"b906821\" data-element_type=\"widget\" data-widget_type=\"divider.default\">\n\t\t\t\t<div class=\"elementor-widget-container\">\n\t\t\t\t\t<div class=\"elementor-divider\">\n\t\t\t<span class=\"elementor-divider-separator\">\n\t\t\t\t\t\t<\/span>\n\t\t<\/div>\n\t\t\t\t<\/div>\n\t\t\t\t<\/div>\n\t\t\t\t<div class=\"elementor-element elementor-element-120e8e5 elementor-widget elementor-widget-text-editor\" data-id=\"120e8e5\" data-element_type=\"widget\" data-widget_type=\"text-editor.default\">\n\t\t\t\t<div class=\"elementor-widget-container\">\n\t\t\t\t\t\t\t<p>1\/4 pulley change-over movement with 3 melodies (Westminster, Vogelf\u00e4nger and Freude sch\u00f6ner G\u00f6tterfunken) on the hour on 16 bar gong, integrated dancer module, duration 7 days, plate size 142 x 200 x 2.5 mm, 6 Aeterna bronze bouchons (accessory drives), exchangeable cable drums, pallet lever with resting escapement (Graham) and automatic lever, counter-brake (power reserve), separate strike shut-off of the hour and melody strike with weight run-off, real second and automatic night shut-off between 22.00 and 7.15 clock, integrated dial lock lever.<\/p>\t\t\t\t\t\t<\/div>\n\t\t\t\t<\/div>\n\t\t\t\t\t<\/div>\n\t\t<\/div>\n\t\t\t\t<div class=\"elementor-column elementor-col-50 elementor-top-column elementor-element elementor-element-695b8b7\" data-id=\"695b8b7\" data-element_type=\"column\">\n\t\t\t<div class=\"elementor-widget-wrap elementor-element-populated\">\n\t\t\t\t\t\t\t\t<div class=\"elementor-element elementor-element-46a2698 elementor-widget elementor-widget-image\" data-id=\"46a2698\" data-element_type=\"widget\" data-widget_type=\"image.default\">\n\t\t\t\t<div class=\"elementor-widget-container\">\n\t\t\t\t\t\t\t\t\t\t\t\t\t\t\t<img decoding=\"async\" width=\"800\" height=\"800\" src=\"https:\/\/www.kieninger.com\/wp-content\/uploads\/2022\/05\/ksu_16t.jpg\" class=\"attachment-full size-full wp-image-1316\" alt=\"\" loading=\"lazy\" srcset=\"https:\/\/www.kieninger.com\/wp-content\/uploads\/2022\/05\/ksu_16t.jpg 800w, https:\/\/www.kieninger.com\/wp-content\/uploads\/2022\/05\/ksu_16t-300x300.jpg 300w, https:\/\/www.kieninger.com\/wp-content\/uploads\/2022\/05\/ksu_16t-150x150.jpg 150w, https:\/\/www.kieninger.com\/wp-content\/uploads\/2022\/05\/ksu_16t-768x768.jpg 768w\" sizes=\"(max-width: 800px) 100vw, 800px\" \/>\t\t\t\t\t\t\t\t\t\t\t\t\t\t\t<\/div>\n\t\t\t\t<\/div>\n\t\t\t\t\t<\/div>\n\t\t<\/div>\n\t\t\t\t\t\t\t<\/div>\n\t\t<\/section>\n\t\t\t\t\t\t\t<\/div>","protected":false},"excerpt":{"rendered":"<p>Modell KSU (16T) 1\/4 Seilzugumschaltwerk mit 3 Melodien (Westminster, Vogelf\u00e4nger und Freude sch\u00f6ner G\u00f6tterfunken) zur vollen Stunde auf 16-Stabgong, integrierter T\u00e4nzerbaustein, Gangdauer 7 Tage, Platinenma\u00df 142 x 200 x 2,5 mm, 6 Aeterna Bronze-Bouchons (Beisatztriebe), austauschbare Seiltrommeln, Palettenanker mit ruhender Hemmung (Graham) und Ankerautomatik, Gegengesperr (Gangreserve), getrennte Schlagabschaltung des Stunden- und Melodieschlages mit Gewichtsablauf, echte [&hellip;]<\/p>","protected":false},"author":1,"featured_media":0,"parent":612,"menu_order":0,"comment_status":"closed","ping_status":"closed","template":"elementor_header_footer","meta":[],"_links":{"self":[{"href":"https:\/\/www.kieninger.com\/en\/wp-json\/wp\/v2\/pages\/1505"}],"collection":[{"href":"https:\/\/www.kieninger.com\/en\/wp-json\/wp\/v2\/pages"}],"about":[{"href":"https:\/\/www.kieninger.com\/en\/wp-json\/wp\/v2\/types\/page"}],"author":[{"embeddable":true,"href":"https:\/\/www.kieninger.com\/en\/wp-json\/wp\/v2\/users\/1"}],"replies":[{"embeddable":true,"href":"https:\/\/www.kieninger.com\/en\/wp-json\/wp\/v2\/comments?post=1505"}],"version-history":[{"count":4,"href":"https:\/\/www.kieninger.com\/en\/wp-json\/wp\/v2\/pages\/1505\/revisions"}],"predecessor-version":[{"id":1509,"href":"https:\/\/www.kieninger.com\/en\/wp-json\/wp\/v2\/pages\/1505\/revisions\/1509"}],"up":[{"embeddable":true,"href":"https:\/\/www.kieninger.com\/en\/wp-json\/wp\/v2\/pages\/612"}],"wp:attachment":[{"href":"https:\/\/www.kieninger.com\/en\/wp-json\/wp\/v2\/media?parent=1505"}],"curies":[{"name":"wp","href":"https:\/\/api.w.org\/{rel}","templated":true}]}}