{"id":1394,"date":"2022-05-18T14:45:35","date_gmt":"2022-05-18T12:45:35","guid":{"rendered":"http:\/\/kieninger.com\/?page_id=1394"},"modified":"2022-06-03T09:06:57","modified_gmt":"2022-06-03T07:06:57","slug":"htu-2","status":"publish","type":"page","link":"https:\/\/www.kieninger.com\/en\/uhrwerke\/htu-2\/","title":{"rendered":"HTU"},"content":{"rendered":"<div data-elementor-type=\"wp-page\" data-elementor-id=\"1394\" class=\"elementor elementor-1394\" data-elementor-post-type=\"page\">\n\t\t\t\t\t\t\t\t\t<section class=\"elementor-section elementor-top-section elementor-element elementor-element-2437e4a elementor-section-height-full elementor-section-boxed elementor-section-height-default elementor-section-items-middle\" data-id=\"2437e4a\" data-element_type=\"section\" data-settings=\"{&quot;background_background&quot;:&quot;classic&quot;}\">\n\t\t\t\t\t\t\t<div class=\"elementor-background-overlay\"><\/div>\n\t\t\t\t\t\t\t<div class=\"elementor-container elementor-column-gap-default\">\n\t\t\t\t\t<div class=\"elementor-column elementor-col-50 elementor-top-column elementor-element elementor-element-8d48e3f\" data-id=\"8d48e3f\" data-element_type=\"column\">\n\t\t\t<div class=\"elementor-widget-wrap elementor-element-populated\">\n\t\t\t\t\t\t\t\t<div class=\"elementor-element elementor-element-ba2bb1c elementor-widget elementor-widget-heading\" data-id=\"ba2bb1c\" data-element_type=\"widget\" data-widget_type=\"heading.default\">\n\t\t\t\t<div class=\"elementor-widget-container\">\n\t\t\t<h2 class=\"elementor-heading-title elementor-size-default\">Model HTU<\/h2>\t\t<\/div>\n\t\t\t\t<\/div>\n\t\t\t\t<div class=\"elementor-element elementor-element-b906821 elementor-widget-divider--view-line elementor-widget elementor-widget-divider\" data-id=\"b906821\" data-element_type=\"widget\" data-widget_type=\"divider.default\">\n\t\t\t\t<div class=\"elementor-widget-container\">\n\t\t\t\t\t<div class=\"elementor-divider\">\n\t\t\t<span class=\"elementor-divider-separator\">\n\t\t\t\t\t\t<\/span>\n\t\t<\/div>\n\t\t\t\t<\/div>\n\t\t\t\t<\/div>\n\t\t\t\t<div class=\"elementor-element elementor-element-120e8e5 elementor-widget elementor-widget-text-editor\" data-id=\"120e8e5\" data-element_type=\"widget\" data-widget_type=\"text-editor.default\">\n\t\t\t\t<div class=\"elementor-widget-container\">\n\t\t\t\t\t\t\t<p>1\/4 cable change movement with 3 melodies (Westminster, St. Michael and Whittington) on 9 clay tubes, diamond-milled plate edges, 24 bouchons and 12 ruby jewels set in brass (wing, escapement and anchor gears), automatic escapement, power reserve, real seconds and automatic night shut-off.<\/p>\t\t\t\t\t\t<\/div>\n\t\t\t\t<\/div>\n\t\t\t\t\t<\/div>\n\t\t<\/div>\n\t\t\t\t<div class=\"elementor-column elementor-col-50 elementor-top-column elementor-element elementor-element-695b8b7\" data-id=\"695b8b7\" data-element_type=\"column\">\n\t\t\t<div class=\"elementor-widget-wrap elementor-element-populated\">\n\t\t\t\t\t\t\t\t<div class=\"elementor-element elementor-element-46a2698 elementor-widget elementor-widget-image\" data-id=\"46a2698\" data-element_type=\"widget\" data-widget_type=\"image.default\">\n\t\t\t\t<div class=\"elementor-widget-container\">\n\t\t\t\t\t\t\t\t\t\t\t\t\t\t\t<img decoding=\"async\" width=\"800\" height=\"800\" src=\"https:\/\/www.kieninger.com\/wp-content\/uploads\/2022\/05\/htu_neu.jpg\" class=\"attachment-full size-full wp-image-984\" alt=\"\" loading=\"lazy\" srcset=\"https:\/\/www.kieninger.com\/wp-content\/uploads\/2022\/05\/htu_neu.jpg 800w, https:\/\/www.kieninger.com\/wp-content\/uploads\/2022\/05\/htu_neu-300x300.jpg 300w, https:\/\/www.kieninger.com\/wp-content\/uploads\/2022\/05\/htu_neu-150x150.jpg 150w, https:\/\/www.kieninger.com\/wp-content\/uploads\/2022\/05\/htu_neu-768x768.jpg 768w\" sizes=\"(max-width: 800px) 100vw, 800px\" \/>\t\t\t\t\t\t\t\t\t\t\t\t\t\t\t<\/div>\n\t\t\t\t<\/div>\n\t\t\t\t\t<\/div>\n\t\t<\/div>\n\t\t\t\t\t\t\t<\/div>\n\t\t<\/section>\n\t\t\t\t\t\t\t<\/div>","protected":false},"excerpt":{"rendered":"<p>Modell HTU 1\/4 Seilzugumschaltwerk mit 3 Melodien (Westminster, St. Michael und Whittington) auf 9 Tonr\u00f6hren, diamantgefr\u00e4ste Platinenkanten, 24 Bouchons und 12 in Messing gefasste Rubinsteine (Fl\u00fcgel-, Gang- und Ankertriebe), Ankerautomatik, Gangreserve, echter Sekunde und automatischer Nachtabschaltung.<\/p>","protected":false},"author":1,"featured_media":0,"parent":612,"menu_order":0,"comment_status":"closed","ping_status":"closed","template":"elementor_header_footer","meta":[],"_links":{"self":[{"href":"https:\/\/www.kieninger.com\/en\/wp-json\/wp\/v2\/pages\/1394"}],"collection":[{"href":"https:\/\/www.kieninger.com\/en\/wp-json\/wp\/v2\/pages"}],"about":[{"href":"https:\/\/www.kieninger.com\/en\/wp-json\/wp\/v2\/types\/page"}],"author":[{"embeddable":true,"href":"https:\/\/www.kieninger.com\/en\/wp-json\/wp\/v2\/users\/1"}],"replies":[{"embeddable":true,"href":"https:\/\/www.kieninger.com\/en\/wp-json\/wp\/v2\/comments?post=1394"}],"version-history":[{"count":7,"href":"https:\/\/www.kieninger.com\/en\/wp-json\/wp\/v2\/pages\/1394\/revisions"}],"predecessor-version":[{"id":2290,"href":"https:\/\/www.kieninger.com\/en\/wp-json\/wp\/v2\/pages\/1394\/revisions\/2290"}],"up":[{"embeddable":true,"href":"https:\/\/www.kieninger.com\/en\/wp-json\/wp\/v2\/pages\/612"}],"wp:attachment":[{"href":"https:\/\/www.kieninger.com\/en\/wp-json\/wp\/v2\/media?parent=1394"}],"curies":[{"name":"wp","href":"https:\/\/api.w.org\/{rel}","templated":true}]}}