{"id":1045,"date":"2022-05-13T09:08:50","date_gmt":"2022-05-13T07:08:50","guid":{"rendered":"http:\/\/kieninger.com\/?page_id=1045"},"modified":"2022-05-18T14:54:21","modified_gmt":"2022-05-18T12:54:21","slug":"nsm","status":"publish","type":"page","link":"http:\/\/www.kieninger.com\/en\/uhrwerke\/nsm\/","title":{"rendered":"NSM"},"content":{"rendered":"<div data-elementor-type=\"wp-page\" data-elementor-id=\"1045\" class=\"elementor elementor-1045\" data-elementor-post-type=\"page\">\n\t\t\t\t\t\t\t\t\t<section class=\"elementor-section elementor-top-section elementor-element elementor-element-2437e4a elementor-section-height-full elementor-section-boxed elementor-section-height-default elementor-section-items-middle\" data-id=\"2437e4a\" data-element_type=\"section\" data-settings=\"{&quot;background_background&quot;:&quot;classic&quot;}\">\n\t\t\t\t\t\t\t<div class=\"elementor-background-overlay\"><\/div>\n\t\t\t\t\t\t\t<div class=\"elementor-container elementor-column-gap-default\">\n\t\t\t\t\t<div class=\"elementor-column elementor-col-50 elementor-top-column elementor-element elementor-element-8d48e3f\" data-id=\"8d48e3f\" data-element_type=\"column\">\n\t\t\t<div class=\"elementor-widget-wrap elementor-element-populated\">\n\t\t\t\t\t\t\t\t<div class=\"elementor-element elementor-element-ba2bb1c elementor-widget elementor-widget-heading\" data-id=\"ba2bb1c\" data-element_type=\"widget\" data-widget_type=\"heading.default\">\n\t\t\t\t<div class=\"elementor-widget-container\">\n\t\t\t<h2 class=\"elementor-heading-title elementor-size-default\">Model NSM<\/h2>\t\t<\/div>\n\t\t\t\t<\/div>\n\t\t\t\t<div class=\"elementor-element elementor-element-b906821 elementor-widget-divider--view-line elementor-widget elementor-widget-divider\" data-id=\"b906821\" data-element_type=\"widget\" data-widget_type=\"divider.default\">\n\t\t\t\t<div class=\"elementor-widget-container\">\n\t\t\t\t\t<div class=\"elementor-divider\">\n\t\t\t<span class=\"elementor-divider-separator\">\n\t\t\t\t\t\t<\/span>\n\t\t<\/div>\n\t\t\t\t<\/div>\n\t\t\t\t<\/div>\n\t\t\t\t<div class=\"elementor-element elementor-element-9e88e7b elementor-widget elementor-widget-text-editor\" data-id=\"9e88e7b\" data-element_type=\"widget\" data-widget_type=\"text-editor.default\">\n\t\t\t\t<div class=\"elementor-widget-container\">\n\t\t\t\t\t\t\t<p>Miniature mono-rotor cable-driven movement.<\/p>\t\t\t\t\t\t<\/div>\n\t\t\t\t<\/div>\n\t\t\t\t<div class=\"elementor-element elementor-element-120e8e5 elementor-widget elementor-widget-text-editor\" data-id=\"120e8e5\" data-element_type=\"widget\" data-widget_type=\"text-editor.default\">\n\t\t\t\t<div class=\"elementor-widget-container\">\n\t\t\t\t\t\t\t<ul><li>dormant inhibition (Graham gait, encroachment 9 \u00f3 teeth)<\/li><li>Pallet anchor with fine steel pallets<\/li><li>10 ball bearings and 6 ruby bearings<\/li><li>Power reserve (in the winding process) and rope winding limitation<\/li><li>Decentralised, correct seconds display<\/li><\/ul><p>\u00a0<\/p><p>The innovative Kieninger torsion control module with worm gearing and 5 ball bearings ensures a uniformly parallel weight sequence.<\/p>\t\t\t\t\t\t<\/div>\n\t\t\t\t<\/div>\n\t\t\t\t\t<\/div>\n\t\t<\/div>\n\t\t\t\t<div class=\"elementor-column elementor-col-50 elementor-top-column elementor-element elementor-element-695b8b7\" data-id=\"695b8b7\" data-element_type=\"column\">\n\t\t\t<div class=\"elementor-widget-wrap elementor-element-populated\">\n\t\t\t\t\t\t\t\t<div class=\"elementor-element elementor-element-46a2698 elementor-widget elementor-widget-image\" data-id=\"46a2698\" data-element_type=\"widget\" data-widget_type=\"image.default\">\n\t\t\t\t<div class=\"elementor-widget-container\">\n\t\t\t\t\t\t\t\t\t\t\t\t\t\t\t<img decoding=\"async\" width=\"800\" height=\"800\" src=\"https:\/\/www.kieninger.com\/wp-content\/uploads\/2022\/05\/nsm_neu.jpg\" class=\"attachment-large size-large wp-image-1001\" alt=\"\" loading=\"lazy\" srcset=\"https:\/\/www.kieninger.com\/wp-content\/uploads\/2022\/05\/nsm_neu.jpg 800w, https:\/\/www.kieninger.com\/wp-content\/uploads\/2022\/05\/nsm_neu-300x300.jpg 300w, https:\/\/www.kieninger.com\/wp-content\/uploads\/2022\/05\/nsm_neu-150x150.jpg 150w, https:\/\/www.kieninger.com\/wp-content\/uploads\/2022\/05\/nsm_neu-768x768.jpg 768w\" sizes=\"(max-width: 800px) 100vw, 800px\" \/>\t\t\t\t\t\t\t\t\t\t\t\t\t\t\t<\/div>\n\t\t\t\t<\/div>\n\t\t\t\t\t<\/div>\n\t\t<\/div>\n\t\t\t\t\t\t\t<\/div>\n\t\t<\/section>\n\t\t\t\t\t\t\t<\/div>","protected":false},"excerpt":{"rendered":"<p>Modell NSM Miniatur-Monatsl\u00e4ufer-Seilzugwerk. ruhende Hemmung (Grahamgang, \u00dcbergriff 9 \u00f3 Z\u00e4hne) Palettenanker mit feinen Stahlpaletten 10 Kugel- und 6 Rubinlager Gangreserve (im Aufzugsvorgang) und Seilaufzugsbegrenzung dezentrale, korrekte Sekundenanzeige \u00a0 Der innovative Kieninger Torsion-Control-Modul mit Schneckenverzahnung und 5 Kugellagern sorgt f\u00fcr einen gleichm\u00e4\u00dfig parallelen Gewichtsablauf.<\/p>","protected":false},"author":1,"featured_media":0,"parent":612,"menu_order":0,"comment_status":"closed","ping_status":"closed","template":"elementor_header_footer","meta":[],"_links":{"self":[{"href":"http:\/\/www.kieninger.com\/en\/wp-json\/wp\/v2\/pages\/1045"}],"collection":[{"href":"http:\/\/www.kieninger.com\/en\/wp-json\/wp\/v2\/pages"}],"about":[{"href":"http:\/\/www.kieninger.com\/en\/wp-json\/wp\/v2\/types\/page"}],"author":[{"embeddable":true,"href":"http:\/\/www.kieninger.com\/en\/wp-json\/wp\/v2\/users\/1"}],"replies":[{"embeddable":true,"href":"http:\/\/www.kieninger.com\/en\/wp-json\/wp\/v2\/comments?post=1045"}],"version-history":[{"count":25,"href":"http:\/\/www.kieninger.com\/en\/wp-json\/wp\/v2\/pages\/1045\/revisions"}],"predecessor-version":[{"id":1419,"href":"http:\/\/www.kieninger.com\/en\/wp-json\/wp\/v2\/pages\/1045\/revisions\/1419"}],"up":[{"embeddable":true,"href":"http:\/\/www.kieninger.com\/en\/wp-json\/wp\/v2\/pages\/612"}],"wp:attachment":[{"href":"http:\/\/www.kieninger.com\/en\/wp-json\/wp\/v2\/media?parent=1045"}],"curies":[{"name":"wp","href":"https:\/\/api.w.org\/{rel}","templated":true}]}}